{"id":50,"date":"2017-05-04T19:26:48","date_gmt":"2017-05-04T17:26:48","guid":{"rendered":"http:\/\/wp.teamsoundpark.fi\/?page_id=50"},"modified":"2020-12-19T21:13:18","modified_gmt":"2020-12-19T19:13:18","slug":"ota-yhteytta","status":"publish","type":"page","link":"http:\/\/wp.teamsoundpark.fi\/index.php\/ota-yhteytta\/","title":{"rendered":"Ota yhteytt\u00e4"},"content":{"rendered":"\n<p class=\"has-text-align-center\">Tavoitat meid\u00e4t<br>s\u00e4hk\u00f6postilla<br>arto@teamsoundpark.fi <br>tai<br>puhelimitse<br>+358 50 355 8562<\/p>\n\n\n\n<p><\/p>\n","protected":false},"excerpt":{"rendered":"<p>Tavoitat meid\u00e4ts\u00e4hk\u00f6postillaarto@teamsoundpark.fi taipuhelimitse+358 50 355 8562<\/p>\n","protected":false},"author":1,"featured_media":164,"parent":0,"menu_order":0,"comment_status":"closed","ping_status":"closed","template":"","meta":[],"_links":{"self":[{"href":"http:\/\/wp.teamsoundpark.fi\/index.php\/wp-json\/wp\/v2\/pages\/50"}],"collection":[{"href":"http:\/\/wp.teamsoundpark.fi\/index.php\/wp-json\/wp\/v2\/pages"}],"about":[{"href":"http:\/\/wp.teamsoundpark.fi\/index.php\/wp-json\/wp\/v2\/types\/page"}],"author":[{"embeddable":true,"href":"http:\/\/wp.teamsoundpark.fi\/index.php\/wp-json\/wp\/v2\/users\/1"}],"replies":[{"embeddable":true,"href":"http:\/\/wp.teamsoundpark.fi\/index.php\/wp-json\/wp\/v2\/comments?post=50"}],"version-history":[{"count":6,"href":"http:\/\/wp.teamsoundpark.fi\/index.php\/wp-json\/wp\/v2\/pages\/50\/revisions"}],"predecessor-version":[{"id":456,"href":"http:\/\/wp.teamsoundpark.fi\/index.php\/wp-json\/wp\/v2\/pages\/50\/revisions\/456"}],"wp:featuredmedia":[{"embeddable":true,"href":"http:\/\/wp.teamsoundpark.fi\/index.php\/wp-json\/wp\/v2\/media\/164"}],"wp:attachment":[{"href":"http:\/\/wp.teamsoundpark.fi\/index.php\/wp-json\/wp\/v2\/media?parent=50"}],"curies":[{"name":"wp","href":"https:\/\/api.w.org\/{rel}","templated":true}]}}